{"id":409,"date":"2018-07-31T15:26:35","date_gmt":"2018-07-31T13:26:35","guid":{"rendered":"https:\/\/diwie.eu\/wordpressCN\/?page_id=409"},"modified":"2024-03-11T08:33:13","modified_gmt":"2024-03-11T07:33:13","slug":"vita","status":"publish","type":"page","link":"https:\/\/diwie.eu\/wordpressCN\/vita\/","title":{"rendered":"Vita"},"content":{"rendered":"<p><img decoding=\"async\" class=\"alignnone size-full wp-image-15\" src=\"https:\/\/diwie.eu\/wordpressCN\/wp-content\/uploads\/2018\/07\/header_vita.png\" alt=\"\" width=\"100%\"><\/p>\n<table border=\"0\" align=\"center\">\n<tbody>\n<tr>\n<td valign=\"top\"><img loading=\"lazy\" decoding=\"async\" class=\"alignleft size-full wp-image-414\" src=\"https:\/\/diwie.eu\/wordpressCN\/wp-content\/uploads\/2018\/07\/Nolte.jpg\" alt=\"\" width=\"220\" height=\"329\" srcset=\"https:\/\/diwie.eu\/wordpressCN\/wp-content\/uploads\/2018\/07\/Nolte.jpg 220w, https:\/\/diwie.eu\/wordpressCN\/wp-content\/uploads\/2018\/07\/Nolte-201x300.jpg 201w\" sizes=\"auto, (max-width: 220px) 100vw, 220px\" \/>Mein Name ist Christine Nolte und ich wohne in Jena.<br \/>\nDie Malerei betreibe ich als Hobby in meiner Freizeit.<br \/>\nAnfangs habe ich mir die erforderlichen Kenntnisse und Fertigkeiten im Wesentlichen autodidaktisch angeeignet.<\/p>\n<p>Geboren wurde ich im Th\u00fcringer Wald. Ich arbeite in der Klinikapotheke des Klinikums der Friedrich-Schiller-Universit\u00e4t Jena als Pharmazie-Ingenieurin.<\/p>\n<p>1979 habe ich begonnen mich k\u00fcnstlerisch zu bet\u00e4tigen. Zun\u00e4chst besuchte ich Zeichenkurse bei Hans Lasko, danach Kurse zur Textilgestaltung und Seidenmalerei. Sp\u00e4ter habe ich autodidaktisch versucht, Aquarelle auf Seide anzufertigen.<\/p>\n<p>1997 begann ich nach einer l\u00e4ngeren Pause wieder mit dem Malen. Ich habe Kurse bei Karin Kuthe und Eckhard Funck besucht. Dabei habe ich Fertigkeiten in der Aquarelltechnik ausgefeilt, aber auch die Gestaltungsm\u00f6glichkeiten erprobt, die sich mit Pastellkreide, Acrylfarben und durch Mischtechniken ergeben.<\/p>\n<p>Mich begeistert die Spontaneit\u00e4t und Unvorhersehbarkeit des Aquarells, vor allem das Zulassen des Farbverlaufs der das Bild st\u00e4ndig ver\u00e4ndert.<\/p>\n<p>Ich w\u00fcnsche Ihnen viel Freude beim St\u00f6bern auf meiner Homepage.<\/p>\n<p>Christine Nolte&nbsp;<\/p>\n<p>&nbsp;<\/p>\n<p>Ausstellungen:<br \/>\n<a href=\"https:\/\/diwie.eu\/wordpressCN\/wp-content\/uploads\/2019\/03\/faltblatt-austellung-blickfang-05-zw.pdf\">Bad Salzungen<\/a>,<br \/>\n&nbsp;Jena, Eisenberg , Naumburg,<br \/>\n&nbsp;Bad Berka, Gera, Reifenstein<br \/>\n&nbsp;Wittlich\/ Rheinland Pfalz,<br \/>\n&nbsp;Heilbad Heiligenstadt, u.a.<\/td>\n<\/tr>\n<\/tbody>\n<\/table>\n","protected":false},"excerpt":{"rendered":"<p>Mein Name ist Christine Nolte und ich wohne in Jena. Die Malerei betreibe ich als Hobby in meiner Freizeit. Anfangs habe ich mir die erforderlichen Kenntnisse und Fertigkeiten im Wesentlichen autodidaktisch angeeignet. Geboren wurde ich im Th\u00fcringer Wald. Ich arbeite in der Klinikapotheke des Klinikums der Friedrich-Schiller-Universit\u00e4t Jena als Pharmazie-Ingenieurin. 1979 habe ich begonnen mich [&hellip;]<\/p>\n","protected":false},"author":1,"featured_media":0,"parent":0,"menu_order":0,"comment_status":"closed","ping_status":"closed","template":"template-notitle.php","meta":{"ngg_post_thumbnail":0,"footnotes":""},"class_list":["post-409","page","type-page","status-publish","hentry","content-columns-1"],"_links":{"self":[{"href":"https:\/\/diwie.eu\/wordpressCN\/wp-json\/wp\/v2\/pages\/409","targetHints":{"allow":["GET"]}}],"collection":[{"href":"https:\/\/diwie.eu\/wordpressCN\/wp-json\/wp\/v2\/pages"}],"about":[{"href":"https:\/\/diwie.eu\/wordpressCN\/wp-json\/wp\/v2\/types\/page"}],"author":[{"embeddable":true,"href":"https:\/\/diwie.eu\/wordpressCN\/wp-json\/wp\/v2\/users\/1"}],"replies":[{"embeddable":true,"href":"https:\/\/diwie.eu\/wordpressCN\/wp-json\/wp\/v2\/comments?post=409"}],"version-history":[{"count":6,"href":"https:\/\/diwie.eu\/wordpressCN\/wp-json\/wp\/v2\/pages\/409\/revisions"}],"predecessor-version":[{"id":779,"href":"https:\/\/diwie.eu\/wordpressCN\/wp-json\/wp\/v2\/pages\/409\/revisions\/779"}],"wp:attachment":[{"href":"https:\/\/diwie.eu\/wordpressCN\/wp-json\/wp\/v2\/media?parent=409"}],"curies":[{"name":"wp","href":"https:\/\/api.w.org\/{rel}","templated":true}]}}