{"id":62,"date":"2018-07-31T12:37:01","date_gmt":"2018-07-31T10:37:01","guid":{"rendered":"https:\/\/diwie.eu\/wordpressCN\/?page_id=62"},"modified":"2018-08-01T08:07:02","modified_gmt":"2018-08-01T06:07:02","slug":"gaestebuch","status":"publish","type":"page","link":"https:\/\/diwie.eu\/wordpressCN\/gaestebuch\/","title":{"rendered":"G\u00e4stebuch"},"content":{"rendered":"<p><img decoding=\"async\" class=\"alignnone size-full wp-image-15\" src=\"https:\/\/diwie.eu\/wordpressCN\/wp-content\/uploads\/2018\/07\/header_gaestebuch.png\" alt=\"\" width=\"100%\"><\/p>\n<div class=\"gwolle-gb\"><div class=\"gwolle-gb-messages-top-container\"><\/div>\n\t\t\t<div class=\"gwolle-gb-write-button\">\n\t\t\t\t<input type=\"button\" name=\"gwolle-gb-write-button\" class=\"button btn btn-default \" value=\"Neuen Eintrag schreiben\" aria-expanded=\"false\" \/>\n\t\t\t<\/div>\n\t\t\t<form action=\"#\" method=\"POST\" class=\"gwolle-gb-write gwolle-gb-hide gwolle-gb-float gwolle-gb-form-ajax gwolle-gb-ajax gwolle-gb-not-logged-in\">\n\t\t\t\t<h3>Einen neuen Eintrag f\u00fcr das G\u00e4stebuch schreiben<\/h3>\n\t\t\t\t<button type=\"button\" class=\"gb-notice-dismiss\">x<span class=\"screen-reader-text\">Dieses Formular ausblenden<\/span><\/button>\n\t\t\t\n\t\t\t\t<input type=\"hidden\" name=\"gwolle_gb_function\" class=\"gwolle_gb_function\" value=\"add_entry\" \/><input type=\"hidden\" name=\"gwolle_gb_book_id\" class=\"gwolle_gb_book_id\" value=\"1\" \/><div class=\"gwolle_gb_f908dbfc197e9b74252199af7ac622cc\">\n\t\t\t\t<div class=\"label\"><label for=\"gwolle_gb_f908dbfc197e9b74252199af7ac622cc-1\" class=\"text-info\">Name <span class=\"required\">*<\/span><\/label><\/div>\n\t\t\t\t<div class=\"input\"><input class=\"wp-exclude-emoji gwolle_gb_f908dbfc197e9b74252199af7ac622cc\" value=\"\" type=\"text\" id=\"gwolle_gb_f908dbfc197e9b74252199af7ac622cc-1\" name=\"gwolle_gb_f908dbfc197e9b74252199af7ac622cc\" required \/><\/div>\n\t\t\t\t<div class=\"clearBoth\">&nbsp;<\/div>\n\t\t\t<\/div><div class=\"gwolle_gb_2c0824b9a5f59c91bb7b73d0a5ee025a\">\n\t\t\t\t\t<div class=\"label\"><label for=\"gwolle_gb_2c0824b9a5f59c91bb7b73d0a5ee025a-1\" class=\"text-info\">Stadt<\/label><\/div>\n\t\t\t\t\t<div class=\"input\"><input class=\"wp-exclude-emoji gwolle_gb_2c0824b9a5f59c91bb7b73d0a5ee025a\" value=\"\" type=\"text\" id=\"gwolle_gb_2c0824b9a5f59c91bb7b73d0a5ee025a-1\" name=\"gwolle_gb_2c0824b9a5f59c91bb7b73d0a5ee025a\" \/><\/div>\n\t\t\t\t\t<div class=\"clearBoth\">&nbsp;<\/div>\n\t\t\t\t<\/div><div class=\"gwolle_gb_9e184b36b14f8035c30a8c9ed9bbd957\">\n\t\t\t\t<div class=\"label\"><label for=\"gwolle_gb_9e184b36b14f8035c30a8c9ed9bbd957-1\" class=\"text-info\">E-Mail <span class=\"required\">*<\/span><\/label><\/div>\n\t\t\t\t<div class=\"input\"><input class=\"gwolle_gb_9e184b36b14f8035c30a8c9ed9bbd957\" value=\"\" type=\"email\" id=\"gwolle_gb_9e184b36b14f8035c30a8c9ed9bbd957-1\" name=\"gwolle_gb_9e184b36b14f8035c30a8c9ed9bbd957\" required \/><\/div>\n\t\t\t\t<div class=\"clearBoth\">&nbsp;<\/div>\n\t\t\t<\/div><div class=\"gwolle_gb_d9d324c9e22bdb2cda554051d2957f76\">\n\t\t\t\t<div class=\"label\"><label for=\"gwolle_gb_d9d324c9e22bdb2cda554051d2957f76-1\" class=\"text-info\">Website<\/label><\/div>\n\t\t\t\t<div class=\"input\"><input class=\"gwolle_gb_d9d324c9e22bdb2cda554051d2957f76\" value=\"\" type=\"url\" id=\"gwolle_gb_d9d324c9e22bdb2cda554051d2957f76-1\" name=\"gwolle_gb_d9d324c9e22bdb2cda554051d2957f76\" \/><\/div>\n\t\t\t\t<div class=\"clearBoth\">&nbsp;<\/div>\n\t\t\t<\/div>\n\t\t\t<div class=\"gwolle_gb_19c6e7949d58001664fe2225f1ed0ae4\" style=\"display:none;overflow:hidden;\" hidden=\"true\" aria-hidden=\"true\">\n\t\t\t\t<div class=\"label\">\n\t\t\t\t\t<label for=\"gwolle_gb_19c6e7949d58001664fe2225f1ed0ae4-1\" class=\"text-primary\">Hier nichts eingeben<\/label>\n\t\t\t\t\t<label for=\"gwolle_gb_a925e4a732b84d0def439bbe1efb4ac9-1\" class=\"text-primary\">Hier nichts eingeben<\/label>\n\t\t\t\t<\/div>\n\t\t\t\t<div class=\"input\">\n\t\t\t\t\t<input value=\"75\" type=\"text\" id=\"gwolle_gb_19c6e7949d58001664fe2225f1ed0ae4-1\" name=\"gwolle_gb_19c6e7949d58001664fe2225f1ed0ae4\" class=\"gwolle_gb_19c6e7949d58001664fe2225f1ed0ae4\" style=\"transform: translateY(10000px);\" \/>\n\t\t\t\t\t<input value=\"\" type=\"text\" name=\"gwolle_gb_a925e4a732b84d0def439bbe1efb4ac9\" id=\"gwolle_gb_a925e4a732b84d0def439bbe1efb4ac9-1\" class=\"gwolle_gb_a925e4a732b84d0def439bbe1efb4ac9\" style=\"transform: translateY(10000px);\" \/>\n\t\t\t\t<\/div>\n\t\t\t\t<div class=\"clearBoth\"><\/div>\n\t\t\t<\/div>\n\t\t\t<div class=\"gwolle_gb_866c8bb86d84c406b8b6b93d538d0fcc\" style=\"display:none;overflow:hidden;\" hidden=\"true\" aria-hidden=\"true\">\n\t\t\t\t<div class=\"label\">\n\t\t\t\t\t<label for=\"gwolle_gb_866c8bb86d84c406b8b6b93d538d0fcc-1\" class=\"text-primary\">Hier nichts eingeben<\/label>\n\t\t\t\t\t<label for=\"gwolle_gb_b1309ea6ae4811f7a38ebe630198aa7f-1\" class=\"text-primary\">Hier nichts eingeben<\/label>\n\t\t\t\t<\/div>\n\t\t\t\t<div class=\"input\">\n\t\t\t\t\t<input value=\"14109\" type=\"text\" id=\"gwolle_gb_866c8bb86d84c406b8b6b93d538d0fcc-1\" name=\"gwolle_gb_866c8bb86d84c406b8b6b93d538d0fcc\" class=\"gwolle_gb_866c8bb86d84c406b8b6b93d538d0fcc\" style=\"transform: translateY(10000px);\" \/>\n\t\t\t\t\t<input value=\"14109\" type=\"text\"id=\"gwolle_gb_b1309ea6ae4811f7a38ebe630198aa7f-1\" name=\"gwolle_gb_b1309ea6ae4811f7a38ebe630198aa7f\" class=\"gwolle_gb_b1309ea6ae4811f7a38ebe630198aa7f\" style=\"transform: translateY(10000px);\" \/>\n\t\t\t\t<\/div>\n\t\t\t\t<div class=\"clearBoth\"><\/div>\n\t\t\t<\/div><div class=\"gwolle_gb_content\">\n\t\t\t\t<div class=\"label\"><label for=\"gwolle_gb_content-1\" class=\"text-info\">G\u00e4stebucheintrag <span class=\"required\">*<\/span><\/label><\/div>\n\t\t\t\t<div class=\"input\"><textarea id=\"gwolle_gb_content-1\" name=\"gwolle_gb_content\" class=\"gwolle_gb_content wp-exclude-emoji\" required ><\/textarea><\/div>\n\t\t\t\t\t<div class=\"clearBoth\">&nbsp;<\/div>\n\t\t\t\t<\/div><input type=\"hidden\" class=\"gwolle_gb_bc4654b6a8cb8254006c6e27413ff149\" id=\"gwolle_gb_bc4654b6a8cb8254006c6e27413ff149-1\" name=\"gwolle_gb_bc4654b6a8cb8254006c6e27413ff149\" value=\"0c1263a799\" \/>\n\t\t\t<div class=\"gwolle-gb-messages-bottom-container\"><\/div>\n\n\t\t\t<noscript><div class=\"no-js\">Warnung: Dieses Formular kann nur verwendet werden, wenn in deinem Browser JavaScript aktiviert ist.<\/div><\/noscript>\n\n\t\t\t<div class=\"gwolle_gb_submit gwolle-gb-submit\">\n\t\t\t\t<div class=\"label gwolle-gb-invisible text-muted\">&nbsp;<\/div>\n\t\t\t\t<div class=\"input\">\n\t\t\t\t\t<input type=\"submit\" name=\"gwolle_gb_submit\" class=\"gwolle_gb_submit button btn btn-primary \" value=\"Absenden\" \/>\n\t\t\t\t\t<span class=\"gwolle_gb_submit_ajax_icon gwolle-gb-submit-ajax-icon\"><\/span>\n\t\t\t\n\t\t\t\t<\/div>\n\t\t\t\t<div class=\"clearBoth\">&nbsp;<\/div>\n\t\t\t<\/div>\n\n\t\t\t<div class=\"gwolle_gb_notice gwolle-gb-notice\">\n\t\t\t\tMit * gekennzeichnete Felder sind Pflichtfelder.<br \/>\r\nDie E-Mail-Adresse wird nicht ver\u00f6ffentlicht.<br \/>\r\nAus Sicherheitsgr\u00fcnden speichern wir die IP-Adresse 216.73.216.175.<br \/>\r\nEs k\u00f6nnte sein, dass der Eintrag im G\u00e4stebuch erst sichtbar ist, nachdem wir ihn gepr\u00fcft haben.<br \/>\r\nWir behalten uns das Recht vor, Eintr\u00e4ge zu bearbeiten, zu l\u00f6schen oder Eintr\u00e4ge nicht zu ver\u00f6ffentlichen.\n\t\t\t<\/div><\/form><div class=\"gwolle-gb-read gwolle-gb-ajax gwolle-gb-entries-list\" data-book_id=\"1\" data-page_id=\"1\">\n\t\t<div id=\"gwolle-gb-total\" class=\"gwolle-gb-total\">11 Eintr\u00e4ge<\/div><!-- Gwolle-GB Entry: Default Template Loaded -->\n\t\t\t\t<div class=\"gb-entry gb-entry_44 gb-entry-count_1 gwolle-gb-uneven gwolle-gb-first\" id=\"gb-entry_44\" data-entry_id=\"44\">\n\t\t\t\t<article>\n\t\t\t\t\t<div class=\"gb-author-info\">\n\t\t\t\t\t\t<span class=\"gb-author-avatar\"><img referrerpolicy=\"no-referrer\" alt='Richardlat' src='https:\/\/secure.gravatar.com\/avatar\/?s=32&#038;d=mm&#038;r=g' srcset='https:\/\/secure.gravatar.com\/avatar\/?s=64&#038;d=mm&#038;r=g 2x' class='avatar avatar-32 photo avatar-default' height='32' width='32' \/><\/span>\n\t\t\t\t\t\t<span class=\"gb-author-name\"><a href=\"https:\/\/alprazolames.comunidades.net\/\" target=\"_blank\" rel=\"nofollow noopener noreferrer\"\n\t\t\t\t\t\t\ttitle=\"Besuche die Website von Richardlat: https:\/\/alprazolames.comunidades.net\/\">Richardlat<\/a>\n\t\t\t\t\t\t<\/span>\n\t\t\t\t\t\t<span class=\"gb-author-origin\">\n\t\t\t\t\t\t\t<span class=\"gb-author-origin-from-text\"> aus<\/span>\n\t\t\t\t\t\t\t<span class=\"gb-author-origin-text\"> NULL<\/span>\n\t\t\t\t\t\t<\/span>\n\t\t\t\t\t<\/div>\n\t\t\t\t\t<div class=\"gb-entry-content\">liebe Christine,<br \/>\ndie Bilder waren wie immer sehr sch\u00f6n,ich habe sie mir am Sonnabend angesehen und hoffe auf weiteres Schaffen,<br \/>\nDeine Christa\n\t\t\t\t\t<\/div>\n\t\t\t\t<\/article>\n\t\t\t<\/div>\n\t\t\t<div class=\"gb-entry gb-entry_43 gb-entry-count_2 gwolle-gb-even\" id=\"gb-entry_43\" data-entry_id=\"43\">\n\t\t\t\t<article>\n\t\t\t\t\t<div class=\"gb-author-info\">\n\t\t\t\t\t\t<span class=\"gb-author-avatar\"><img referrerpolicy=\"no-referrer\" alt='Heidrun Ke\u00dfler' src='https:\/\/secure.gravatar.com\/avatar\/?s=32&#038;d=mm&#038;r=g' srcset='https:\/\/secure.gravatar.com\/avatar\/?s=64&#038;d=mm&#038;r=g 2x' class='avatar avatar-32 photo avatar-default' height='32' width='32' \/><\/span>\n\t\t\t\t\t\t<span class=\"gb-author-name\"><a href=\"https:\/\/NULL\" target=\"_blank\" rel=\"nofollow noopener noreferrer\"\n\t\t\t\t\t\t\ttitle=\"Besuche die Website von Heidrun Ke\u00dfler: https:\/\/NULL\">Heidrun Ke\u00dfler<\/a>\n\t\t\t\t\t\t<\/span>\n\t\t\t\t\t\t<span class=\"gb-author-origin\">\n\t\t\t\t\t\t\t<span class=\"gb-author-origin-from-text\"> aus<\/span>\n\t\t\t\t\t\t\t<span class=\"gb-author-origin-text\"> Jena<\/span>\n\t\t\t\t\t\t<\/span>\n\t\t\t\t\t<\/div>\n\t\t\t\t\t<div class=\"gb-entry-content\">Liebe Christine,<br \/>\n<br \/>\nich schaue mir jeden Tag mit gro\u00dfer Freude und Respekt Deine Bilder im Jentower an, wo Du gerade eine Ausstellung hast. Zwei Bilder gefallen mir ganz besonders - R\u00fcgen und Steilk\u00fcste. Vielleicht k\u00f6nnen wir diesbez\u00fcglich mal in Verhandlung treten.<br \/>\n<br \/>\nSolltest Du Dich gerade fragen, woher wir uns kennen, so lass mich an unsere gemeinsame Pantomime-Zeit bei Harald Seime erinnern. Schade, dass wir uns dann aus den Augen verloren haben. Das kann man ja auch wieder \u00e4ndern ... \ud83d\ude42<br \/>\n<br \/>\nViele Gr\u00fc\u00dfe von Heidrun\n\t\t\t\t\t<\/div>\n\t\t\t\t<\/article>\n\t\t\t<\/div>\n\t\t\t<div class=\"gb-entry gb-entry_42 gb-entry-count_3 gwolle-gb-uneven\" id=\"gb-entry_42\" data-entry_id=\"42\">\n\t\t\t\t<article>\n\t\t\t\t\t<div class=\"gb-author-info\">\n\t\t\t\t\t\t<span class=\"gb-author-avatar\"><img referrerpolicy=\"no-referrer\" alt='Ephraim' src='https:\/\/secure.gravatar.com\/avatar\/?s=32&#038;d=mm&#038;r=g' srcset='https:\/\/secure.gravatar.com\/avatar\/?s=64&#038;d=mm&#038;r=g 2x' class='avatar avatar-32 photo avatar-default' height='32' width='32' \/><\/span>\n\t\t\t\t\t\t<span class=\"gb-author-name\"><a href=\"https:\/\/www.trekkingrucksacktests.com\/\" target=\"_blank\" rel=\"nofollow noopener noreferrer\"\n\t\t\t\t\t\t\ttitle=\"Besuche die Website von Ephraim: https:\/\/www.trekkingrucksacktests.com\/\">Ephraim<\/a>\n\t\t\t\t\t\t<\/span>\n\t\t\t\t\t<\/div>\n\t\t\t\t\t<div class=\"gb-entry-content\">Hallo!<br \/>\n<br \/>\nWollte sagen, dass ich ziemlichen Respekt vor Ihren Arbeiten habe und mir w\u00fcnsche, dass ich nach meinem Kunststudium einmal etwas \u00e4hnliches produzieren kann.<br \/>\n<br \/>\nBeste Gr\u00fc\u00dfe!\n\t\t\t\t\t<\/div>\n\t\t\t\t<\/article>\n\t\t\t<\/div>\n\t\t\t<div class=\"gb-entry gb-entry_41 gb-entry-count_4 gwolle-gb-even\" id=\"gb-entry_41\" data-entry_id=\"41\">\n\t\t\t\t<article>\n\t\t\t\t\t<div class=\"gb-author-info\">\n\t\t\t\t\t\t<span class=\"gb-author-avatar\"><img referrerpolicy=\"no-referrer\" alt='Heinrich und Regina Herzog' src='https:\/\/secure.gravatar.com\/avatar\/?s=32&#038;d=mm&#038;r=g' srcset='https:\/\/secure.gravatar.com\/avatar\/?s=64&#038;d=mm&#038;r=g 2x' class='avatar avatar-32 photo avatar-default' height='32' width='32' \/><\/span>\n\t\t\t\t\t\t<span class=\"gb-author-name\">Heinrich und Regina Herzog\n\t\t\t\t\t\t<\/span>\n\t\t\t\t\t<\/div>\n\t\t\t\t\t<div class=\"gb-entry-content\">Liebe Christine,<br \/>\n<br \/>\nhaben jetzt endlich mal deine Homepage angeschaut und das gef\u00e4llt uns sehr gut, weckt nat\u00fcrlich wieder einige Begehrlichkeiten!!!- einfach sch\u00f6ne Bilder, wir m\u00f6gen sie sehr.<br \/>\nMelden uns demn\u00e4chst bei dir wegen eventueller Austtellungsm\u00f6glichkeit im Lesesaalgangder Ernst-Abbe-Bibliothek, habe die Kontaktdaten gefunden. Bis bald.<br \/>\n<br \/>\nLiebe Gr\u00fc\u00dfe von uns Dancing\n\t\t\t\t\t<\/div>\n\t\t\t\t<\/article>\n\t\t\t<\/div>\n\t\t\t<div class=\"gb-entry gb-entry_40 gb-entry-count_5 gwolle-gb-uneven\" id=\"gb-entry_40\" data-entry_id=\"40\">\n\t\t\t\t<article>\n\t\t\t\t\t<div class=\"gb-author-info\">\n\t\t\t\t\t\t<span class=\"gb-author-avatar\"><img referrerpolicy=\"no-referrer\" alt='Dr.Beatrix Leitold' src='https:\/\/secure.gravatar.com\/avatar\/?s=32&#038;d=mm&#038;r=g' srcset='https:\/\/secure.gravatar.com\/avatar\/?s=64&#038;d=mm&#038;r=g 2x' class='avatar avatar-32 photo avatar-default' height='32' width='32' \/><\/span>\n\t\t\t\t\t\t<span class=\"gb-author-name\">Dr.Beatrix Leitold\n\t\t\t\t\t\t<\/span>\n\t\t\t\t\t\t<span class=\"gb-author-origin\">\n\t\t\t\t\t\t\t<span class=\"gb-author-origin-from-text\"> aus<\/span>\n\t\t\t\t\t\t\t<span class=\"gb-author-origin-text\"> Wr.Neustadt<\/span>\n\t\t\t\t\t\t<\/span>\n\t\t\t\t\t<\/div>\n\t\t\t\t\t<div class=\"gb-entry-content\">Liebe Christine!<br \/>\n<br \/>\nHabe gerade Deine Homepage und die Bildergalerie bewundert.<br \/>\nDu warst ja schon sehr flei\u00dfig und hast bereits eine gro\u00dfe Zahl<br \/>\nsehr sch\u00f6ner Bilder geschaffen.<br \/>\nIch w\u00fcnsche Dir viel Erfolg auch mit der neuen Pigmenttechnik!<br \/>\n<br \/>\nLiebe Gr\u00fc\u00dfe<br \/>\n<br \/>\nBeatrix\n\t\t\t\t\t<\/div>\n\t\t\t\t<\/article>\n\t\t\t<\/div>\n\t\t\t<div class=\"gb-entry gb-entry_39 gb-entry-count_6 gwolle-gb-even\" id=\"gb-entry_39\" data-entry_id=\"39\">\n\t\t\t\t<article>\n\t\t\t\t\t<div class=\"gb-author-info\">\n\t\t\t\t\t\t<span class=\"gb-author-avatar\"><img referrerpolicy=\"no-referrer\" alt='Claudi' src='https:\/\/secure.gravatar.com\/avatar\/?s=32&#038;d=mm&#038;r=g' srcset='https:\/\/secure.gravatar.com\/avatar\/?s=64&#038;d=mm&#038;r=g 2x' class='avatar avatar-32 photo avatar-default' height='32' width='32' \/><\/span>\n\t\t\t\t\t\t<span class=\"gb-author-name\">Claudi\n\t\t\t\t\t\t<\/span>\n\t\t\t\t\t\t<span class=\"gb-author-origin\">\n\t\t\t\t\t\t\t<span class=\"gb-author-origin-from-text\"> aus<\/span>\n\t\t\t\t\t\t\t<span class=\"gb-author-origin-text\"> Erfurt<\/span>\n\t\t\t\t\t\t<\/span>\n\t\t\t\t\t<\/div>\n\t\t\t\t\t<div class=\"gb-entry-content\">Hallo Mutti, <br \/>\n<br \/>\nich hoffe, Dir gef\u00e4llt die leicht \u00fcberarbeitete Version der Internetpr\u00e4senz. Nun hast Du auch endlich wieder ein G\u00e4stebuch, in das gern auch die Besucher etwas schreiben k\u00f6nnen.<br \/>\n<br \/>\nganz lieben Gru\u00df,<br \/>\nClaudia Dancing\n\t\t\t\t\t<\/div>\n\t\t\t\t<\/article>\n\t\t\t<\/div>\n\t\t\t<div class=\"gb-entry gb-entry_38 gb-entry-count_7 gwolle-gb-uneven\" id=\"gb-entry_38\" data-entry_id=\"38\">\n\t\t\t\t<article>\n\t\t\t\t\t<div class=\"gb-author-info\">\n\t\t\t\t\t\t<span class=\"gb-author-avatar\"><img referrerpolicy=\"no-referrer\" alt='Helmut' src='https:\/\/secure.gravatar.com\/avatar\/?s=32&#038;d=mm&#038;r=g' srcset='https:\/\/secure.gravatar.com\/avatar\/?s=64&#038;d=mm&#038;r=g 2x' class='avatar avatar-32 photo avatar-default' height='32' width='32' \/><\/span>\n\t\t\t\t\t\t<span class=\"gb-author-name\"><a href=\"https:\/\/www.helmut-eichhorn-art.de\/\" target=\"_blank\" rel=\"nofollow noopener noreferrer\"\n\t\t\t\t\t\t\ttitle=\"Besuche die Website von Helmut: https:\/\/www.helmut-eichhorn-art.de\/\">Helmut<\/a>\n\t\t\t\t\t\t<\/span>\n\t\t\t\t\t<\/div>\n\t\t\t\t\t<div class=\"gb-entry-content\">Liebe Christine,<br \/>\nsch\u00f6n, dass du jetzt eine eigene Homepage hast, gef\u00e4llt mir. Dein Potential sehe ich in der Acrylmalerei, sehr ausdrucksstarke Bilder.<br \/>\nLG, Helmut\n\t\t\t\t\t<\/div>\n\t\t\t\t<\/article>\n\t\t\t<\/div>\n\t\t\t<div class=\"gb-entry gb-entry_36 gb-entry-count_8 gwolle-gb-even\" id=\"gb-entry_36\" data-entry_id=\"36\">\n\t\t\t\t<article>\n\t\t\t\t\t<div class=\"gb-author-info\">\n\t\t\t\t\t\t<span class=\"gb-author-avatar\"><img referrerpolicy=\"no-referrer\" alt='Christian Hartmann' src='https:\/\/secure.gravatar.com\/avatar\/?s=32&#038;d=mm&#038;r=g' srcset='https:\/\/secure.gravatar.com\/avatar\/?s=64&#038;d=mm&#038;r=g 2x' class='avatar avatar-32 photo avatar-default' height='32' width='32' \/><\/span>\n\t\t\t\t\t\t<span class=\"gb-author-name\">Christian Hartmann\n\t\t\t\t\t\t<\/span>\n\t\t\t\t\t\t<span class=\"gb-author-origin\">\n\t\t\t\t\t\t\t<span class=\"gb-author-origin-from-text\"> aus<\/span>\n\t\t\t\t\t\t\t<span class=\"gb-author-origin-text\"> Jena<\/span>\n\t\t\t\t\t\t<\/span>\n\t\t\t\t\t<\/div>\n\t\t\t\t\t<div class=\"gb-entry-content\">Hallo Frau Nolte,<br \/>\nich muss sagen Sie haben sehr sch\u00f6ne Gem\u00e4lde und ich habe auch einige in Bad Berka bewundern d\u00fcrfen.<br \/>\nGibt es auch eine Preisliste f\u00fcr die augestellten Gem\u00e4lde bzw. diese hier auf der Internet.<br \/>\nMFG Christian Hartmann\n\t\t\t\t\t<\/div>\n\t\t\t\t<\/article>\n\t\t\t<\/div>\n\t\t\t<div class=\"gb-entry gb-entry_37 gb-entry-count_9 gwolle-gb-uneven\" id=\"gb-entry_37\" data-entry_id=\"37\">\n\t\t\t\t<article>\n\t\t\t\t\t<div class=\"gb-author-info\">\n\t\t\t\t\t\t<span class=\"gb-author-avatar\"><img referrerpolicy=\"no-referrer\" alt='G\u00f6tz Nowak' src='https:\/\/secure.gravatar.com\/avatar\/?s=32&#038;d=mm&#038;r=g' srcset='https:\/\/secure.gravatar.com\/avatar\/?s=64&#038;d=mm&#038;r=g 2x' class='avatar avatar-32 photo avatar-default' height='32' width='32' \/><\/span>\n\t\t\t\t\t\t<span class=\"gb-author-name\">G\u00f6tz Nowak\n\t\t\t\t\t\t<\/span>\n\t\t\t\t\t<\/div>\n\t\t\t\t\t<div class=\"gb-entry-content\">Guten Tag, liebe Frau Nolte,<br \/>\nich habe Ihre Kunst bewundert und finde in Ihren Kreidearbeiten sehr viel Potential und eine sicher zuf\u00e4llige N\u00e4he zu Arbeiten von der ber\u00fchmten amerikanischen K\u00fcnstlerin A. Sage. Kennen Sie diese Dame? dann werden Sie Ihre Arbeiten noch mehr sch\u00e4tzen.... Wir sollten dar\u00fcber mal etwas intensiver plauschen,<br \/>\ngute Gr\u00fc\u00dfe Ihr Prof.Dr. Nowak\n\t\t\t\t\t<\/div>\n\t\t\t\t<\/article>\n\t\t\t<\/div>\n\t\t\t<div class=\"gb-entry gb-entry_35 gb-entry-count_10 gwolle-gb-even\" id=\"gb-entry_35\" data-entry_id=\"35\">\n\t\t\t\t<article>\n\t\t\t\t\t<div class=\"gb-author-info\">\n\t\t\t\t\t\t<span class=\"gb-author-avatar\"><img referrerpolicy=\"no-referrer\" alt='Stefan Fienhold' src='https:\/\/secure.gravatar.com\/avatar\/?s=32&#038;d=mm&#038;r=g' srcset='https:\/\/secure.gravatar.com\/avatar\/?s=64&#038;d=mm&#038;r=g 2x' class='avatar avatar-32 photo avatar-default' height='32' width='32' \/><\/span>\n\t\t\t\t\t\t<span class=\"gb-author-name\">Stefan Fienhold\n\t\t\t\t\t\t<\/span>\n\t\t\t\t\t\t<span class=\"gb-author-origin\">\n\t\t\t\t\t\t\t<span class=\"gb-author-origin-from-text\"> aus<\/span>\n\t\t\t\t\t\t\t<span class=\"gb-author-origin-text\"> Jena<\/span>\n\t\t\t\t\t\t<\/span>\n\t\t\t\t\t<\/div>\n\t\t\t\t\t<div class=\"gb-entry-content\">Hallo Frau Nolte <br \/>\nWir haben uns ja schon ne ganze Weile nicht mehr gesehen. Ich hoffe es geht ihnene gut.Nachdem mir die Claudi gestern von der Homepage erz\u00e4hlt hat, mu\u00dfte ich einfach mal vorbei schauen. Sieht echt gut aus!!!<br \/>\nmfg Stefan\n\t\t\t\t\t<\/div>\n\t\t\t\t<\/article>\n\t\t\t<\/div>\n\t\t\t<div class=\"gb-entry gb-entry_34 gb-entry-count_11 gwolle-gb-uneven\" id=\"gb-entry_34\" data-entry_id=\"34\">\n\t\t\t\t<article>\n\t\t\t\t\t<div class=\"gb-author-info\">\n\t\t\t\t\t\t<span class=\"gb-author-avatar\"><img referrerpolicy=\"no-referrer\" alt='Claudi und Stevie' src='https:\/\/secure.gravatar.com\/avatar\/b08b09a4c881924b583e80378d757943fe344aa3ecc5e556bd8063afd0c8178a?s=32&#038;d=mm&#038;r=g' srcset='https:\/\/secure.gravatar.com\/avatar\/b08b09a4c881924b583e80378d757943fe344aa3ecc5e556bd8063afd0c8178a?s=64&#038;d=mm&#038;r=g 2x' class='avatar avatar-32 photo' height='32' width='32' \/><\/span>\n\t\t\t\t\t\t<span class=\"gb-author-name\"><a href=\"https:\/\/www.diwie.eu\" target=\"_blank\" rel=\"nofollow noopener noreferrer\"\n\t\t\t\t\t\t\ttitle=\"Besuche die Website von Claudi und Stevie: https:\/\/www.diwie.eu\">Claudi und Stevie<\/a>\n\t\t\t\t\t\t<\/span>\n\t\t\t\t\t\t<span class=\"gb-author-origin\">\n\t\t\t\t\t\t\t<span class=\"gb-author-origin-from-text\"> aus<\/span>\n\t\t\t\t\t\t\t<span class=\"gb-author-origin-text\"> Erfurt<\/span>\n\t\t\t\t\t\t<\/span>\n\t\t\t\t\t<\/div>\n\t\t\t\t\t<div class=\"gb-entry-content\">Hallo allerliebste Mutti,<br \/>\nWir w\u00fcnschen Dir viel Spass mit Deiner eigenen Homepage, und dass sich viele Besucher hier im G\u00e4stebuch verewigen...  Dancing\n\t\t\t\t\t<\/div>\n\t\t\t\t<\/article>\n\t\t\t<\/div>\n\t\t\t<\/div><\/div>\n","protected":false},"excerpt":{"rendered":"","protected":false},"author":1,"featured_media":0,"parent":0,"menu_order":0,"comment_status":"closed","ping_status":"closed","template":"template-notitle.php","meta":{"ngg_post_thumbnail":0,"footnotes":""},"class_list":["post-62","page","type-page","status-publish","hentry","content-columns-1"],"_links":{"self":[{"href":"https:\/\/diwie.eu\/wordpressCN\/wp-json\/wp\/v2\/pages\/62","targetHints":{"allow":["GET"]}}],"collection":[{"href":"https:\/\/diwie.eu\/wordpressCN\/wp-json\/wp\/v2\/pages"}],"about":[{"href":"https:\/\/diwie.eu\/wordpressCN\/wp-json\/wp\/v2\/types\/page"}],"author":[{"embeddable":true,"href":"https:\/\/diwie.eu\/wordpressCN\/wp-json\/wp\/v2\/users\/1"}],"replies":[{"embeddable":true,"href":"https:\/\/diwie.eu\/wordpressCN\/wp-json\/wp\/v2\/comments?post=62"}],"version-history":[{"count":2,"href":"https:\/\/diwie.eu\/wordpressCN\/wp-json\/wp\/v2\/pages\/62\/revisions"}],"predecessor-version":[{"id":428,"href":"https:\/\/diwie.eu\/wordpressCN\/wp-json\/wp\/v2\/pages\/62\/revisions\/428"}],"wp:attachment":[{"href":"https:\/\/diwie.eu\/wordpressCN\/wp-json\/wp\/v2\/media?parent=62"}],"curies":[{"name":"wp","href":"https:\/\/api.w.org\/{rel}","templated":true}]}}