{"id":77,"date":"2018-07-31T12:40:14","date_gmt":"2018-07-31T10:40:14","guid":{"rendered":"https:\/\/diwie.eu\/wordpressCN\/?page_id=77"},"modified":"2018-07-31T15:42:52","modified_gmt":"2018-07-31T13:42:52","slug":"presse","status":"publish","type":"page","link":"https:\/\/diwie.eu\/wordpressCN\/presse\/","title":{"rendered":"Presse"},"content":{"rendered":"<p><img decoding=\"async\" class=\"alignnone size-full wp-image-15\" src=\"https:\/\/diwie.eu\/wordpressCN\/wp-content\/uploads\/2018\/07\/header_presse.png\" alt=\"\" width=\"100%\"><\/p>\n<div class=\"floatbox\">\n<p style=\"text-align: left;\">Internet \/ Print:<\/p>\n<ul style=\"text-align: left;\">\n<li><a href=\"https:\/\/www.mz-web.de\/servlet\/ContentServer?pagename=ksta\/page&amp;atype=ksArtikel&amp;aid=1297103585125\" target=\"_blank\" rel=\"noopener\">&#8222;Einen Moment verharren&#8220;&nbsp; 09.02.11, Mitteldeutsche Zeitung<\/a><\/li>\n<li><a href=\"https:\/\/www.uni-jena.de\/uni_journal_01_2007_intern.html?rewrite_engine=id%3Fmailpage%3D10%3Fmailpage%3D115#intern6\" target=\"_blank\" rel=\"noopener\">&#8222;Lichte Bilder der Hoffnung&#8220;<\/a><a href=\"https:\/\/www.uni-jena.de\/uni_journal_01_2007_intern.html?rewrite_engine=id%3Fmailpage%3D10%3Fmailpage%3D115#intern6\" target=\"_blank\" rel=\"noopener\"> 2006, Uni-Journal Jena<\/a><\/li>\n<li><a href=\"https:\/\/www.med.uni-jena.de\/klinikmagazin\/archiv\/km606\/kmonline\/mosaik.htm\" target=\"_blank\" rel=\"noopener\">&#8222;Farbe und Fantasie&#8220; 2006, Klinik-Magazin der Uni Jena<\/a><\/li>\n<li><a href=\"https:\/\/www.rhoen-klinikum-ag.com\/rka\/cms\/zbb_2\/deu\/presse\/home\/73786.html\" target=\"_blank\" rel=\"noopener\">Italienische und kroatische Landschaften<\/a><a href=\"https:\/\/www.rhoen-klinikum-ag.com\/rka\/cms\/zbb_2\/deu\/presse\/home\/73786.html\" target=\"_blank\" rel=\"noopener\">, 26.10.2009, Zentralklinik Bad Berka<br \/>\n<\/a><\/li>\n<\/ul>\n<p style=\"text-align: left;\">Videobeitr\u00e4ge:<\/p>\n<ul>\n<li style=\"text-align: left;\"><a href=\"https:\/\/www.kanalr.de\/web\/de\/webtv\/webtv.php?channelID=4&amp;videoID=3439&amp;rubrikID=44&amp;VideoSuche=&amp;autoplay=true&amp;area=&amp;division=&amp;counter=1&amp;leaf=on\" target=\"_blank\" rel=\"noopener\">Thueringen.TV &#8222;Fit f\u00fcr Kunst 2009&#8220;<\/a><\/li>\n<li style=\"text-align: left;\"><a href=\"https:\/\/www.thueringen.tv\/web\/de\/webtv\/webtv.php?channelID=0&amp;rubrikID=&amp;videoID=7242&amp;VideoSuche=&amp;autoplay=false&amp;area=channelWeimar&amp;division=&amp;counter=1&amp;leaf=on\" target=\"_blank\" rel=\"noopener\">Weimar.TV &#8222;Fit f\u00fcr Kunst 2011&#8220;<\/a><\/li>\n<\/ul>\n<\/div>\n","protected":false},"excerpt":{"rendered":"<p>Internet \/ Print: &#8222;Einen Moment verharren&#8220;&nbsp; 09.02.11, Mitteldeutsche Zeitung &#8222;Lichte Bilder der Hoffnung&#8220; 2006, Uni-Journal Jena &#8222;Farbe und Fantasie&#8220; 2006, Klinik-Magazin der Uni Jena Italienische und kroatische Landschaften, 26.10.2009, Zentralklinik Bad Berka Videobeitr\u00e4ge: Thueringen.TV &#8222;Fit f\u00fcr Kunst 2009&#8220; Weimar.TV &#8222;Fit f\u00fcr Kunst 2011&#8220;<\/p>\n","protected":false},"author":1,"featured_media":0,"parent":0,"menu_order":0,"comment_status":"closed","ping_status":"closed","template":"template-notitle.php","meta":{"ngg_post_thumbnail":0,"footnotes":""},"class_list":["post-77","page","type-page","status-publish","hentry","content-columns-1"],"_links":{"self":[{"href":"https:\/\/diwie.eu\/wordpressCN\/wp-json\/wp\/v2\/pages\/77","targetHints":{"allow":["GET"]}}],"collection":[{"href":"https:\/\/diwie.eu\/wordpressCN\/wp-json\/wp\/v2\/pages"}],"about":[{"href":"https:\/\/diwie.eu\/wordpressCN\/wp-json\/wp\/v2\/types\/page"}],"author":[{"embeddable":true,"href":"https:\/\/diwie.eu\/wordpressCN\/wp-json\/wp\/v2\/users\/1"}],"replies":[{"embeddable":true,"href":"https:\/\/diwie.eu\/wordpressCN\/wp-json\/wp\/v2\/comments?post=77"}],"version-history":[{"count":5,"href":"https:\/\/diwie.eu\/wordpressCN\/wp-json\/wp\/v2\/pages\/77\/revisions"}],"predecessor-version":[{"id":420,"href":"https:\/\/diwie.eu\/wordpressCN\/wp-json\/wp\/v2\/pages\/77\/revisions\/420"}],"wp:attachment":[{"href":"https:\/\/diwie.eu\/wordpressCN\/wp-json\/wp\/v2\/media?parent=77"}],"curies":[{"name":"wp","href":"https:\/\/api.w.org\/{rel}","templated":true}]}}